{"id":17,"date":"2012-08-18T19:24:37","date_gmt":"2012-08-18T23:54:37","guid":{"rendered":"http:\/\/blogs.ula.ve\/meidi\/?page_id=17"},"modified":"2025-03-26T18:51:53","modified_gmt":"2025-03-26T18:51:53","slug":"becas","status":"publish","type":"page","link":"http:\/\/meidiula.org\/blog\/estudios-de-postgrado\/becas\/","title":{"rendered":"Plan de Estudio Meidi"},"content":{"rendered":"<div class=\"wp-block-image\">\n<figure class=\"aligncenter size-large is-resized\"><a href=\"http:\/\/meidiula.org\/blog\/wp-content\/uploads\/2025\/03\/Meidi-ULA-siglas-horizontal-azul-scaled.jpg\"><img decoding=\"async\" loading=\"lazy\" src=\"http:\/\/meidiula.org\/blog\/wp-content\/uploads\/2025\/03\/Meidi-ULA-siglas-horizontal-azul-1024x585.jpg\" alt=\"\" class=\"wp-image-1387\" width=\"384\" height=\"219\" srcset=\"http:\/\/meidiula.org\/blog\/wp-content\/uploads\/2025\/03\/Meidi-ULA-siglas-horizontal-azul-1024x585.jpg 1024w, http:\/\/meidiula.org\/blog\/wp-content\/uploads\/2025\/03\/Meidi-ULA-siglas-horizontal-azul-300x171.jpg 300w, http:\/\/meidiula.org\/blog\/wp-content\/uploads\/2025\/03\/Meidi-ULA-siglas-horizontal-azul-768x439.jpg 768w, http:\/\/meidiula.org\/blog\/wp-content\/uploads\/2025\/03\/Meidi-ULA-siglas-horizontal-azul-1536x878.jpg 1536w, http:\/\/meidiula.org\/blog\/wp-content\/uploads\/2025\/03\/Meidi-ULA-siglas-horizontal-azul-2048x1171.jpg 2048w, http:\/\/meidiula.org\/blog\/wp-content\/uploads\/2025\/03\/Meidi-ULA-siglas-horizontal-azul-500x286.jpg 500w\" sizes=\"(max-width: 384px) 100vw, 384px\" \/><\/a><\/figure><\/div>\n\n<p style=\"text-align: justify;\">El programa de maestr\u00eda est\u00e1 dise\u00f1ado de manera que el estudiante adquiera un conocimiento s\u00f3lido y profundo de las bases te\u00f3ricas, conceptuales, metodol\u00f3gicas y tecnol\u00f3gicas en la menci\u00f3n de la maestr\u00eda. La planificaci\u00f3n de las actividades en el marco de la escolaridad podr\u00e1 ser de manera presencial, semi-presencial o en ambientes virtuales.<\/p>\n<p style=\"text-align: justify;\">Atendiendo a la naturaleza de la maestr\u00eda, la din\u00e1mica educativa, el avance tecnol\u00f3gico y el contexto socio-cultural, MEIDI adecuar\u00e1 la administraci\u00f3n\u00a0curricular con aras de contribuir a la formaci\u00f3n pertinente, inclusiva, de calidad y a la investigaci\u00f3n con impacto regional, nacional e internacional.<\/p>\n<p>Para tal fin se han definido tres ejes curriculares: medular, investigaci\u00f3n y T\u00f3picos Especiales.<\/p>\n<p style=\"text-align: justify;\"><span style=\"color: #0000ff;\"><strong>Eje Medular:<\/strong><\/span> Este eje tiene por objetivo transmitir los conceptos fundamentales para el desarrollo de los conceptos, habilidades y destrezas en el \u00e1rea del dise\u00f1o instruccional y la inform\u00e1tica. \u00a0Est\u00e1 compuesto por las siguientes asignaturas: Fundamentos de la Educaci\u00f3n, Principios Cognitivos del Aprendizaje, Teor\u00eda y Pr\u00e1ctica del\u00a0 Dise\u00f1o Instruccional I, Teor\u00eda y Pr\u00e1ctica del\u00a0 Dise\u00f1o Instruccional II y Desarrollo de Aplicaciones Educativas.<\/p>\n<p style=\"text-align: justify;\"><span style=\"color: #008000;\"><strong>Eje de investigaci\u00f3n:<\/strong><\/span> Este eje tiene por objetivo desarrollar el pensamiento cr\u00edtico ante los problemas educativos y proveer de las herramientas necesarias para llevar a cabo las investigaciones ligadas a las problem\u00e1ticas encontradas. Est\u00e1 compuesto por las asignaturas Metodolog\u00eda de la Investigaci\u00f3n I,\u00a0 Metodolog\u00eda de la Investigaci\u00f3n II y Metodolog\u00eda de la Investigaci\u00f3n III<\/p>\n<p style=\"text-align: justify;\"><strong><span style=\"color: #ff0000;\">\u00a0Eje de T\u00f3picos Especiales:<\/span><\/strong> corresponden al conjunto de contenidos que requiere el estudiante para profundizar sus conocimientos de acuerdo a sus intereses particulares de formaci\u00f3n y\/o a la investigaci\u00f3n que va a desarrollar en el trabajo de grado. Este eje permite implementar una estrategia de flexibilizaci\u00f3n curricular, en cuanto los contenidos hacen \u00e9nfasis de acuerdo a los intereses de la investigaci\u00f3n del estudiante, de esta forma las asignaturas electivas podr\u00e1n ser seleccionadas de entre las ofrecidas por el programa de la maestr\u00eda MEIDI.\u00a0La maestr\u00eda programar\u00e1 al menos 06 seminarios electivos para cada cohorte.<\/p>\n<p style=\"text-align: justify;\"><strong>Trabajo de Grado:<\/strong> investigaci\u00f3n desarrollada de forma individual bajo la direcci\u00f3n de un Tutor, en la cual demuestre capacidad cr\u00edtica, anal\u00edtica y constructiva dentro de un contexto sistem\u00e1tico, as\u00ed como el dominio te\u00f3rico y metodol\u00f3gico de los dise\u00f1os de investigaci\u00f3n propios de la l\u00ednea de investigaci\u00f3n y tem\u00e1tica seleccionada. Su presentaci\u00f3n y aprobaci\u00f3n deber\u00e1 cumplirse dentro de los lapsos establecidos por el Centro de Estudios de Postgrado de la Universidad de Los Andes.<\/p>\n<p style=\"text-align: center;\"><strong>PLAN DE ESTUDIO DE LA MAESTR\u00cdA EN EDUCACI\u00d3N, MENCI\u00d3N INFORM\u00c1TICA Y DISE\u00d1O INSTRUCCIONAL<\/strong><\/p>\n<p><strong>Semestre Introductorio (Sin unidades cr\u00e9dito)<\/strong><\/p>\n<ol>\n<li>Introducci\u00f3n a la Plataforma Emeidi (Moodle)<\/li>\n<li>Fundamentos de la Estad\u00edstica aplicada a la Investigaci\u00f3n<\/li>\n<li>Ingl\u00e9s Instrumental<\/li>\n<\/ol>\n<table>\n<tbody>\n<tr>\n<td colspan=\"2\"><strong>Semestre 1<\/strong><\/td>\n<\/tr>\n<tr>\n<td><strong>Nombre de la asignatura<\/strong><\/td>\n<td><strong>Cantidad de Unidades Cr\u00e9ditos<\/strong><\/td>\n<\/tr>\n<tr>\n<td>\u00b7\u00a0\u00a0\u00a0\u00a0\u00a0 Fundamentos de la Educaci\u00f3n<\/td>\n<td>(3 u\/c)<\/td>\n<\/tr>\n<tr>\n<td>\u00b7\u00a0\u00a0\u00a0\u00a0\u00a0 Principios Cognitivos del Aprendizaje y la Ense\u00f1anza<\/td>\n<td>(3 u\/c)<\/td>\n<\/tr>\n<tr>\n<td>\u00b7\u00a0\u00a0\u00a0\u00a0\u00a0 Teor\u00eda y Pr\u00e1ctica del Dise\u00f1o Instruccional I<\/td>\n<td>(3 u\/c)<\/td>\n<\/tr>\n<tr>\n<td>\u00b7\u00a0\u00a0\u00a0\u00a0\u00a0 Desarrollo de Aplicaciones Educativas con TIC<\/td>\n<td>(3 u\/c)<\/td>\n<\/tr>\n<tr>\n<td>\u00a0<\/td>\n<td>\u00a0<\/td>\n<\/tr>\n<tr>\n<td colspan=\"2\"><strong>Semestre 2<\/strong><\/td>\n<\/tr>\n<tr>\n<td><strong>Nombre de la asignatura<\/strong><\/td>\n<td><strong>Cantidad de Unidades Cr\u00e9ditos<\/strong><\/td>\n<\/tr>\n<tr>\n<td>\u00b7\u00a0\u00a0\u00a0\u00a0\u00a0 Teor\u00eda y Pr\u00e1ctica del Dise\u00f1o Instruccional II<\/td>\n<td>(3 u\/c)<\/td>\n<\/tr>\n<tr>\n<td>\u00b7\u00a0 \u00a0 \u00a0 Medici\u00f3n y Evaluaci\u00f3n de los Aprendizajes<\/td>\n<td>(3 u\/c)<\/td>\n<\/tr>\n<tr>\n<td>\u00b7\u00a0\u00a0\u00a0\u00a0\u00a0 Electiva I<\/td>\n<td>(2 u\/c)<\/td>\n<\/tr>\n<tr>\n<td>\u00b7\u00a0\u00a0\u00a0\u00a0\u00a0 Metodolog\u00eda de la Investigaci\u00f3n I<\/td>\n<td>(2 u\/c)<\/td>\n<\/tr>\n<tr>\n<td>\u00a0<\/td>\n<td>\u00a0<\/td>\n<\/tr>\n<tr>\n<td colspan=\"2\"><strong>Semestre 3<\/strong><\/td>\n<\/tr>\n<tr>\n<td><strong>Nombre de la asignatura<\/strong><\/td>\n<td><strong>Cantidad de Unidades Cr\u00e9ditos<\/strong><\/td>\n<\/tr>\n<tr>\n<td>\u00b7\u00a0\u00a0\u00a0\u00a0\u00a0 Electiva II<\/td>\n<td>(2 u\/c)<\/td>\n<\/tr>\n<tr>\n<td>\u00b7\u00a0\u00a0\u00a0\u00a0\u00a0 Electiva III<\/td>\n<td>(2 u\/c)<\/td>\n<\/tr>\n<tr>\n<td>\u00b7\u00a0\u00a0\u00a0\u00a0\u00a0 Metodolog\u00eda de la Investigaci\u00f3n Educativa II<\/td>\n<td>(2 u\/c)<\/td>\n<\/tr>\n<tr>\n<td>\u00b7\u00a0\u00a0\u00a0\u00a0\u00a0 Innovaciones Educativas<\/td>\n<td>(3 u\/c)<\/td>\n<\/tr>\n<tr>\n<td>\u00a0<\/td>\n<td>\u00a0<\/td>\n<\/tr>\n<tr>\n<td colspan=\"2\"><strong>Semestre 4<\/strong><\/td>\n<\/tr>\n<tr>\n<td><strong>Nombre de la asignatura<\/strong><\/td>\n<td><strong>Cantidad de Unidades Cr\u00e9ditos<\/strong><\/td>\n<\/tr>\n<tr>\n<td>\u00b7\u00a0\u00a0\u00a0\u00a0\u00a0 Electiva IV<\/td>\n<td>(2 u\/c)<\/td>\n<\/tr>\n<tr>\n<td>\u00b7\u00a0\u00a0\u00a0\u00a0\u00a0 Electiva V<\/td>\n<td>(2 u\/c)<\/td>\n<\/tr>\n<tr>\n<td>\u00b7\u00a0\u00a0\u00a0\u00a0\u00a0 Metodolog\u00eda de la Investigaci\u00f3n Educativa III<\/td>\n<td>(3 u\/c)<\/td>\n<\/tr>\n<tr>\n<td>\u00b7\u00a0\u00a0\u00a0\u00a0\u00a0 Electiva VI<\/td>\n<td>(2 u\/c)<\/td>\n<\/tr>\n<\/tbody>\n<\/table>\n<p>Tesis de Grado (10 u\/c)<\/p>\n<p><strong>Total de unidades cr\u00e9dito de las asignaturas: 40<\/strong><\/p>\n<p><strong>Tesis de Grado: 10 u\/c<\/strong><\/p>\n<p><strong>Total de unidades cr\u00e9dito de la maestr\u00eda: 50<\/strong><\/p>\n<p style=\"text-align: center;\"><strong>CUADRO DE LA CARGA ACAD\u00c9MICA DE LA MAESTR\u00cdA EN EDUCACI\u00d3N, MENCI\u00d3N INFORM\u00c1TICA Y DISE\u00d1O INSTRUCCIONAL<\/strong><\/p>\n<table width=\"737\">\n<tbody>\n<tr>\n<td width=\"331\"><strong>Asignatura<\/strong><\/td>\n<td width=\"94\">\n<p style=\"text-align: center;\"><strong>Unidades Cr\u00e9dito (UC)<\/strong><\/p>\n<\/td>\n<td style=\"text-align: center;\" width=\"95\"><strong>Horas Pr\u00e1<em>c<\/em>ticas (HP)<\/strong><\/td>\n<td style=\"text-align: center;\" width=\"113\"><strong>Horas Aprendizaje Aut\u00f3nomo (HTA)<\/strong><\/td>\n<td width=\"104\">\n<p style=\"text-align: center;\"><strong>Carga Acad\u00e9mica(CA)<\/strong><\/p>\n<\/td>\n<\/tr>\n<tr>\n<td colspan=\"5\" width=\"737\"><strong>Semestre 0<\/strong><\/td>\n<\/tr>\n<tr>\n<td width=\"331\">\n<p style=\"text-align: left;\">Introducci\u00f3n a la Plataforma Emeidi (Moodle)<\/p>\n<\/td>\n<td style=\"text-align: left;\" width=\"94\">\n<p style=\"text-align: center;\">0<\/p>\n<\/td>\n<td style=\"text-align: left;\" width=\"95\">\u00a0<\/td>\n<td style=\"text-align: left;\" width=\"113\">\n<p style=\"text-align: center;\">64<\/p>\n<\/td>\n<td style=\"text-align: left;\" width=\"104\">\n<p style=\"text-align: center;\">64<\/p>\n<\/td>\n<\/tr>\n<tr>\n<td width=\"331\">Fundamentos de la Estad\u00edstica aplicada a la Investigaci\u00f3n<\/td>\n<td width=\"94\">\n<p style=\"text-align: center;\">0<\/p>\n<\/td>\n<td style=\"text-align: center;\" width=\"95\">\u00a0<\/td>\n<td style=\"text-align: center;\" width=\"113\">64<\/td>\n<td width=\"104\">\n<p style=\"text-align: center;\">64<\/p>\n<\/td>\n<\/tr>\n<tr>\n<td width=\"331\">Ingl\u00e9s Instrumental<\/td>\n<td width=\"94\">\n<p style=\"text-align: center;\">0<\/p>\n<\/td>\n<td style=\"text-align: center;\" width=\"95\">\u00a0<\/td>\n<td style=\"text-align: center;\" width=\"113\">64<\/td>\n<td width=\"104\">\n<p style=\"text-align: center;\">64<\/p>\n<\/td>\n<\/tr>\n<tr>\n<td style=\"text-align: left;\" width=\"331\">Totales<\/td>\n<td style=\"text-align: left;\" width=\"94\">\n<p style=\"text-align: center;\">\u00a0<\/p>\n<\/td>\n<td style=\"text-align: center;\" width=\"95\">\u00a0<\/td>\n<td style=\"text-align: center;\" width=\"113\">192<\/td>\n<td width=\"104\">\n<p style=\"text-align: center;\">192<\/p>\n<\/td>\n<\/tr>\n<tr>\n<td colspan=\"5\" width=\"737\"><strong>Semestre 1<\/strong><\/td>\n<\/tr>\n<tr>\n<td width=\"331\">Fundamentos de la Educaci\u00f3n<\/td>\n<td width=\"94\">\n<p style=\"text-align: center;\">3<\/p>\n<\/td>\n<td style=\"text-align: center;\" width=\"95\">48<\/td>\n<td style=\"text-align: center;\" width=\"113\">96<\/td>\n<td width=\"104\">\n<p style=\"text-align: center;\">144<\/p>\n<\/td>\n<\/tr>\n<tr>\n<td width=\"331\">Principios Cognitivos del Aprendizaje y la Ense\u00f1anza<\/td>\n<td width=\"94\">\n<p style=\"text-align: center;\">3<\/p>\n<\/td>\n<td style=\"text-align: center;\" width=\"95\">48<\/td>\n<td style=\"text-align: center;\" width=\"113\">96<\/td>\n<td width=\"104\">\n<p style=\"text-align: center;\">144<\/p>\n<\/td>\n<\/tr>\n<tr>\n<td width=\"331\">Teor\u00eda y Pr\u00e1ctica del Dise\u00f1o Instruccional\u00a0 I<\/td>\n<td width=\"94\">\n<p style=\"text-align: center;\">3<\/p>\n<\/td>\n<td style=\"text-align: center;\" width=\"95\">48<\/td>\n<td style=\"text-align: center;\" width=\"113\">96<\/td>\n<td width=\"104\">\n<p style=\"text-align: center;\">144<\/p>\n<\/td>\n<\/tr>\n<tr>\n<td width=\"331\">Desarrollo de Aplicaciones Educativas con TIC<\/td>\n<td width=\"94\">\n<p style=\"text-align: center;\">3<\/p>\n<\/td>\n<td style=\"text-align: center;\" width=\"95\">48<\/td>\n<td style=\"text-align: center;\" width=\"113\">96<\/td>\n<td width=\"104\">\n<p style=\"text-align: center;\">144<\/p>\n<\/td>\n<\/tr>\n<tr>\n<td width=\"331\">Totales<\/td>\n<td width=\"94\">\u00a0<\/td>\n<td width=\"95\">\n<p style=\"text-align: center;\">192<\/p>\n<\/td>\n<td style=\"text-align: center;\" width=\"113\">384<\/td>\n<td width=\"104\">\n<p style=\"text-align: center;\">576<\/p>\n<\/td>\n<\/tr>\n<tr>\n<td colspan=\"5\" width=\"737\"><strong>Semestre 2<\/strong><\/td>\n<\/tr>\n<tr>\n<td width=\"331\">Teor\u00eda y Pr\u00e1ctica del Dise\u00f1o Instruccional\u00a0 II<\/td>\n<td width=\"94\">\n<p style=\"text-align: center;\">3<\/p>\n<\/td>\n<td style=\"text-align: center;\" width=\"95\">48<\/td>\n<td style=\"text-align: center;\" width=\"113\">96<\/td>\n<td width=\"104\">\n<p style=\"text-align: center;\">144<\/p>\n<\/td>\n<\/tr>\n<tr>\n<td width=\"331\">Evaluaci\u00f3n de los Aprendizajes<\/td>\n<td width=\"94\">\n<p style=\"text-align: center;\">3<\/p>\n<\/td>\n<td style=\"text-align: center;\" width=\"95\">48<\/td>\n<td style=\"text-align: center;\" width=\"113\">96<\/td>\n<td width=\"104\">\n<p style=\"text-align: center;\">\u00a0\u00a0\u00a0\u00a0\u00a0\u00a0 144<\/p>\n<\/td>\n<\/tr>\n<tr>\n<td width=\"331\">Electiva I<\/td>\n<td width=\"94\">\n<p style=\"text-align: center;\">2<\/p>\n<\/td>\n<td style=\"text-align: center;\" width=\"95\">32<\/td>\n<td style=\"text-align: center;\" width=\"113\">64<\/td>\n<td width=\"104\">\n<p style=\"text-align: center;\">96<\/p>\n<\/td>\n<\/tr>\n<tr>\n<td width=\"331\">Metodolog\u00eda de la Investigaci\u00f3n I<\/td>\n<td width=\"94\">\n<p style=\"text-align: center;\">2<\/p>\n<\/td>\n<td style=\"text-align: center;\" width=\"95\">32<\/td>\n<td style=\"text-align: center;\" width=\"113\">64<\/td>\n<td width=\"104\">\n<p style=\"text-align: center;\">96<\/p>\n<\/td>\n<\/tr>\n<tr>\n<td width=\"331\">Totales<\/td>\n<td width=\"94\">\u00a0<\/td>\n<td width=\"95\">\n<p style=\"text-align: center;\">160<\/p>\n<\/td>\n<td style=\"text-align: center;\" width=\"113\">320<\/td>\n<td width=\"104\">\n<p style=\"text-align: center;\">480<\/p>\n<\/td>\n<\/tr>\n<tr>\n<td colspan=\"5\" width=\"737\"><strong>Semestre 3<\/strong><\/td>\n<\/tr>\n<tr>\n<td width=\"331\">Electiva II<\/td>\n<td width=\"94\">\n<p style=\"text-align: center;\">2<\/p>\n<\/td>\n<td style=\"text-align: center;\" width=\"95\">32<\/td>\n<td style=\"text-align: center;\" width=\"113\">64<\/td>\n<td width=\"104\">\n<p style=\"text-align: center;\">96<\/p>\n<\/td>\n<\/tr>\n<tr>\n<td width=\"331\">Electiva III<\/td>\n<td width=\"94\">\n<p style=\"text-align: center;\">2<\/p>\n<\/td>\n<td style=\"text-align: center;\" width=\"95\">32<\/td>\n<td style=\"text-align: center;\" width=\"113\">64<\/td>\n<td width=\"104\">\n<p style=\"text-align: center;\">96<\/p>\n<\/td>\n<\/tr>\n<tr>\n<td width=\"331\">Metodolog\u00eda de la Investigaci\u00f3n II<\/td>\n<td width=\"94\">\n<p style=\"text-align: center;\">2<\/p>\n<\/td>\n<td style=\"text-align: center;\" width=\"95\">32<\/td>\n<td style=\"text-align: center;\" width=\"113\">64<\/td>\n<td width=\"104\">\n<p style=\"text-align: center;\">96<\/p>\n<\/td>\n<\/tr>\n<tr>\n<td width=\"331\">Innovaciones Educativas<\/td>\n<td width=\"94\">\n<p style=\"text-align: center;\">3<\/p>\n<\/td>\n<td style=\"text-align: center;\" width=\"95\">48<\/td>\n<td style=\"text-align: center;\" width=\"113\">96<\/td>\n<td width=\"104\">\n<p style=\"text-align: center;\">144<\/p>\n<\/td>\n<\/tr>\n<tr>\n<td width=\"331\">Totales<\/td>\n<td width=\"94\">\u00a0<\/td>\n<td width=\"95\">\n<p style=\"text-align: center;\">144<\/p>\n<\/td>\n<td style=\"text-align: center;\" width=\"113\">288<\/td>\n<td width=\"104\">\n<p style=\"text-align: center;\">432<\/p>\n<\/td>\n<\/tr>\n<tr>\n<td colspan=\"5\" width=\"737\"><strong>Semestre 4<\/strong><\/td>\n<\/tr>\n<tr>\n<td width=\"331\">Electiva IV<\/td>\n<td width=\"94\">\n<p style=\"text-align: center;\">2<\/p>\n<\/td>\n<td style=\"text-align: center;\" width=\"95\">32<\/td>\n<td style=\"text-align: center;\" width=\"113\">64<\/td>\n<td width=\"104\">\n<p style=\"text-align: center;\">96<\/p>\n<\/td>\n<\/tr>\n<tr>\n<td width=\"331\">Electiva V<\/td>\n<td width=\"94\">\n<p style=\"text-align: center;\">2<\/p>\n<\/td>\n<td style=\"text-align: center;\" width=\"95\">32<\/td>\n<td style=\"text-align: center;\" width=\"113\">64<\/td>\n<td width=\"104\">\n<p style=\"text-align: center;\">96<\/p>\n<\/td>\n<\/tr>\n<tr>\n<td width=\"331\">Metodolog\u00eda de la Investigaci\u00f3n III<\/td>\n<td width=\"94\">\n<p style=\"text-align: center;\">3<\/p>\n<\/td>\n<td style=\"text-align: center;\" width=\"95\">48<\/td>\n<td style=\"text-align: center;\" width=\"113\">96<\/td>\n<td width=\"104\">\n<p style=\"text-align: center;\">144<\/p>\n<\/td>\n<\/tr>\n<tr>\n<td width=\"331\">Electiva\u00a0 VI<\/td>\n<td width=\"94\">\n<p style=\"text-align: center;\">2<\/p>\n<\/td>\n<td style=\"text-align: center;\" width=\"95\">32<\/td>\n<td style=\"text-align: center;\" width=\"113\">64<\/td>\n<td width=\"104\">\n<p style=\"text-align: center;\">96<\/p>\n<\/td>\n<\/tr>\n<tr>\n<td width=\"331\">Totales<\/td>\n<td width=\"94\">\n<p style=\"text-align: center;\">40<\/p>\n<\/td>\n<td style=\"text-align: center;\" width=\"95\">\u00a0<\/td>\n<td style=\"text-align: center;\" width=\"113\">288<\/td>\n<td width=\"104\">\n<p style=\"text-align: center;\">432<\/p>\n<\/td>\n<\/tr>\n<tr>\n<td colspan=\"5\" width=\"737\">\u00a0<\/td>\n<\/tr>\n<tr>\n<td width=\"331\">Trabajo de Grado<\/td>\n<td width=\"94\">\n<p style=\"text-align: center;\">10<\/p>\n<\/td>\n<td style=\"text-align: center;\" width=\"95\">160<\/td>\n<td style=\"text-align: center;\" width=\"113\">320<\/td>\n<td width=\"104\">\n<p style=\"text-align: center;\">480<\/p>\n<\/td>\n<\/tr>\n<tr>\n<td width=\"331\"><strong>Total General<\/strong><\/td>\n<td width=\"94\">\n<p style=\"text-align: center;\">50<\/p>\n<\/td>\n<td style=\"text-align: center;\" width=\"95\">672<\/td>\n<td style=\"text-align: center;\" width=\"113\">1536<\/td>\n<td width=\"104\">\n<p style=\"text-align: center;\">2112<\/p>\n<\/td>\n<\/tr>\n<tr>\n<td width=\"331\"><strong>Total Carga Acad\u00e9mica<\/strong><\/td>\n<td width=\"94\">\u00a0<\/td>\n<td width=\"95\">\u00a0<\/td>\n<td width=\"113\">\u00a0<\/td>\n<td width=\"104\">\n<p style=\"text-align: center;\"><strong>2592<\/strong><\/p>\n<\/td>\n<\/tr>\n<\/tbody>\n<\/table>\n<p><strong>\u00a0<\/strong><\/p>\n<p><strong>UC<\/strong>: Unidades Cr\u00e9ditos que se computa como 16 horas de clase presenciales cada una de ellas.<\/p>\n<p><strong>HP<\/strong>: Horas presenciales que requiere cada asignatura o seminario.<\/p>\n<p><strong>HTA<\/strong>: Horas de Aprendizaje Aut\u00f3nomas necesarias para abordar las asignaturas y seminarios que corresponden al doble del tiempo presencial establecido por la Universidad de Los Andes.<\/p>\n<p><strong>CA<\/strong>: Carga Acad\u00e9mica es el tiempo dedicado entre el trabajo presencial y el trabajo aut\u00f3nomo, A esto se le suma el trabajo aut\u00f3nomo de investigaci\u00f3n adicional que debe dedicar el participante para la elaboraci\u00f3n de la Tesis de Grado.<\/p>\n<p><strong>Para descargar en fotmato PDF el plante estudios y carga academica deben hacer clic en el siguiente enlace:<\/strong><\/p>\n<p><a href=\"http:\/\/meidiula.org\/blog\/wp-content\/uploads\/2025\/03\/PENSUM-CURRICUAR-2023.pdf\" target=\"_blank\" rel=\"noopener\">Pensum Curricular Meidi<\/a><\/p><!-- AddThis Advanced Settings generic via filter on the_content --><!-- AddThis Share Buttons generic via filter on the_content -->","protected":false},"excerpt":{"rendered":"<p>El programa de maestr\u00eda est\u00e1 dise\u00f1ado de manera que el estudiante adquiera un conocimiento s\u00f3lido y profundo de las bases te\u00f3ricas, conceptuales, metodol\u00f3gicas y tecnol\u00f3gicas en la menci\u00f3n de la maestr\u00eda. La planificaci\u00f3n de las actividades en el marco de &hellip; <a href=\"http:\/\/meidiula.org\/blog\/estudios-de-postgrado\/becas\/\">Sigue leyendo <span class=\"meta-nav\">&rarr;<\/span><\/a><!-- AddThis Advanced Settings generic via filter on get_the_excerpt --><!-- AddThis Share Buttons generic via filter on get_the_excerpt --><\/p>\n","protected":false},"author":1,"featured_media":0,"parent":685,"menu_order":0,"comment_status":"closed","ping_status":"open","template":"","meta":[],"_links":{"self":[{"href":"http:\/\/meidiula.org\/blog\/wp-json\/wp\/v2\/pages\/17"}],"collection":[{"href":"http:\/\/meidiula.org\/blog\/wp-json\/wp\/v2\/pages"}],"about":[{"href":"http:\/\/meidiula.org\/blog\/wp-json\/wp\/v2\/types\/page"}],"author":[{"embeddable":true,"href":"http:\/\/meidiula.org\/blog\/wp-json\/wp\/v2\/users\/1"}],"replies":[{"embeddable":true,"href":"http:\/\/meidiula.org\/blog\/wp-json\/wp\/v2\/comments?post=17"}],"version-history":[{"count":28,"href":"http:\/\/meidiula.org\/blog\/wp-json\/wp\/v2\/pages\/17\/revisions"}],"predecessor-version":[{"id":1409,"href":"http:\/\/meidiula.org\/blog\/wp-json\/wp\/v2\/pages\/17\/revisions\/1409"}],"up":[{"embeddable":true,"href":"http:\/\/meidiula.org\/blog\/wp-json\/wp\/v2\/pages\/685"}],"wp:attachment":[{"href":"http:\/\/meidiula.org\/blog\/wp-json\/wp\/v2\/media?parent=17"}],"curies":[{"name":"wp","href":"https:\/\/api.w.org\/{rel}","templated":true}]}}